{"id":88,"date":"2022-01-20T21:06:07","date_gmt":"2022-01-20T20:06:07","guid":{"rendered":"https:\/\/lodz-polesie.pttk.pl\/?page_id=88"},"modified":"2025-10-11T16:54:31","modified_gmt":"2025-10-11T14:54:31","slug":"glowna","status":"publish","type":"page","link":"https:\/\/lodz-polesie.pttk.pl\/","title":{"rendered":"Strona g\u0142\u00f3wna"},"content":{"rendered":"<p>UWAGA ZMIANA!<br \/>Bardzo serdecznie zapraszamy do naszego nowego lokalu przy ul. Aleksandra Kami\u0144skiego\u00a0 18 , domofon przycisk nr 4,<\/p>\n<p>lokal 10 , front &#8211; parter.<\/p>\n<p>Adres dla przesy\u0142ek pocztowych:<\/p>\n<p>Oddzia\u0142 PTTK \u0141\u00f3d\u017a-Polesie im. prof. J. Dylika<\/p>\n<p>ul.J. Kili\u0144skiego 77 m 7,<\/p>\n<p>90-119 \u0141\u00f3d\u017a.<\/p>\n<p>Adres poczty elektronicznej :<\/p>\n<p>\u00a0&lt; poczta@lodz-polesie.pttk.pl\u00a0 &gt;<\/p>\n<p>Adres admin.\u00a0 &lt;\u00a0 staszekbu@wp.pl\u00a0 &gt;<\/p>\n<p>https:\/\/www.youtube.com\/watch?v=dhUsk2plB5A<\/p>\n","protected":false},"excerpt":{"rendered":"<p>UWAGA ZMIANA!Bardzo serdecznie zapraszamy do naszego nowego lokalu przy ul. Aleksandra Kami\u0144skiego\u00a0 18 , domofon przycisk nr 4, lokal 10 , front &#8211; parter. Adres dla przesy\u0142ek pocztowych: Oddzia\u0142 PTTK \u0141\u00f3d\u017a-Polesie im. prof. J. Dylika ul.J. Kili\u0144skiego 77 m 7, <span class=\"excerpt-dots\">&hellip;<\/span> <a class=\"more-link\" href=\"https:\/\/lodz-polesie.pttk.pl\/\"><span class=\"more-msg\">Czytaj dalej &rarr;<\/span><\/a><\/p>\n","protected":false},"author":5,"featured_media":0,"parent":0,"menu_order":0,"comment_status":"closed","ping_status":"closed","template":"","meta":{"footnotes":""},"class_list":["post-88","page","type-page","status-publish","hentry"],"_links":{"self":[{"href":"https:\/\/lodz-polesie.pttk.pl\/index.php?rest_route=\/wp\/v2\/pages\/88","targetHints":{"allow":["GET"]}}],"collection":[{"href":"https:\/\/lodz-polesie.pttk.pl\/index.php?rest_route=\/wp\/v2\/pages"}],"about":[{"href":"https:\/\/lodz-polesie.pttk.pl\/index.php?rest_route=\/wp\/v2\/types\/page"}],"author":[{"embeddable":true,"href":"https:\/\/lodz-polesie.pttk.pl\/index.php?rest_route=\/wp\/v2\/users\/5"}],"replies":[{"embeddable":true,"href":"https:\/\/lodz-polesie.pttk.pl\/index.php?rest_route=%2Fwp%2Fv2%2Fcomments&post=88"}],"version-history":[{"count":181,"href":"https:\/\/lodz-polesie.pttk.pl\/index.php?rest_route=\/wp\/v2\/pages\/88\/revisions"}],"predecessor-version":[{"id":9187,"href":"https:\/\/lodz-polesie.pttk.pl\/index.php?rest_route=\/wp\/v2\/pages\/88\/revisions\/9187"}],"wp:attachment":[{"href":"https:\/\/lodz-polesie.pttk.pl\/index.php?rest_route=%2Fwp%2Fv2%2Fmedia&parent=88"}],"curies":[{"name":"wp","href":"https:\/\/api.w.org\/{rel}","templated":true}]}}