{"id":65,"date":"2022-01-20T20:04:00","date_gmt":"2022-01-20T19:04:00","guid":{"rendered":"https:\/\/lodz-polesie.pttk.pl\/?page_id=65"},"modified":"2022-02-02T16:38:50","modified_gmt":"2022-02-02T15:38:50","slug":"grupa-robocza-rekonesans","status":"publish","type":"page","link":"https:\/\/lodz-polesie.pttk.pl\/?page_id=65","title":{"rendered":"Grupa robocza &#8222;Rekonesans"},"content":{"rendered":"\t\t<div data-elementor-type=\"wp-page\" data-elementor-id=\"65\" class=\"elementor elementor-65\">\n\t\t\t\t\t\t<section class=\"elementor-section elementor-top-section elementor-element elementor-element-1034175 elementor-section-boxed elementor-section-height-default elementor-section-height-default\" data-id=\"1034175\" data-element_type=\"section\" data-e-type=\"section\">\n\t\t\t\t\t\t<div class=\"elementor-container elementor-column-gap-default\">\n\t\t\t\t\t<div class=\"elementor-column elementor-col-100 elementor-top-column elementor-element elementor-element-6a38188\" data-id=\"6a38188\" data-element_type=\"column\" data-e-type=\"column\">\n\t\t\t<div class=\"elementor-widget-wrap elementor-element-populated\">\n\t\t\t\t\t\t<div class=\"elementor-element elementor-element-6730fe3 elementor-widget elementor-widget-heading\" data-id=\"6730fe3\" data-element_type=\"widget\" data-e-type=\"widget\" data-widget_type=\"heading.default\">\n\t\t\t\t<div class=\"elementor-widget-container\">\n\t\t\t\t\t<h2 class=\"elementor-heading-title elementor-size-default\">Grupa \"Rekonesans\"<\/h2>\t\t\t\t<\/div>\n\t\t\t\t<\/div>\n\t\t\t\t\t<\/div>\n\t\t<\/div>\n\t\t\t\t\t<\/div>\n\t\t<\/section>\n\t\t\t\t<section class=\"elementor-section elementor-top-section elementor-element elementor-element-d5cb573 elementor-section-boxed elementor-section-height-default elementor-section-height-default\" data-id=\"d5cb573\" data-element_type=\"section\" data-e-type=\"section\">\n\t\t\t\t\t\t<div class=\"elementor-container elementor-column-gap-default\">\n\t\t\t\t\t<div class=\"elementor-column elementor-col-100 elementor-top-column elementor-element elementor-element-48f2e1a\" data-id=\"48f2e1a\" data-element_type=\"column\" data-e-type=\"column\">\n\t\t\t<div class=\"elementor-widget-wrap elementor-element-populated\">\n\t\t\t\t\t\t<div class=\"elementor-element elementor-element-e417a98 elementor-widget elementor-widget-image\" data-id=\"e417a98\" data-element_type=\"widget\" data-e-type=\"widget\" data-widget_type=\"image.default\">\n\t\t\t\t<div class=\"elementor-widget-container\">\n\t\t\t\t\t\t\t\t\t\t\t\t\t\t\t<img decoding=\"async\" width=\"150\" height=\"150\" src=\"https:\/\/lodz-polesie.pttk.pl\/wp-content\/uploads\/2022\/02\/119488253_104814941372823_5801817901847050990_n-150x150.png\" class=\"attachment-thumbnail size-thumbnail wp-image-807\" alt=\"\" srcset=\"https:\/\/lodz-polesie.pttk.pl\/wp-content\/uploads\/2022\/02\/119488253_104814941372823_5801817901847050990_n-150x150.png 150w, https:\/\/lodz-polesie.pttk.pl\/wp-content\/uploads\/2022\/02\/119488253_104814941372823_5801817901847050990_n-300x300.png 300w, https:\/\/lodz-polesie.pttk.pl\/wp-content\/uploads\/2022\/02\/119488253_104814941372823_5801817901847050990_n.png 307w\" sizes=\"(max-width: 150px) 100vw, 150px\" \/>\t\t\t\t\t\t\t\t\t\t\t\t\t\t\t<\/div>\n\t\t\t\t<\/div>\n\t\t\t\t\t<\/div>\n\t\t<\/div>\n\t\t\t\t\t<\/div>\n\t\t<\/section>\n\t\t\t\t<section class=\"elementor-section elementor-top-section elementor-element elementor-element-72afbbb elementor-section-boxed elementor-section-height-default elementor-section-height-default\" data-id=\"72afbbb\" data-element_type=\"section\" data-e-type=\"section\">\n\t\t\t\t\t\t<div class=\"elementor-container elementor-column-gap-default\">\n\t\t\t\t\t<div class=\"elementor-column elementor-col-100 elementor-top-column elementor-element elementor-element-72407f4\" data-id=\"72407f4\" data-element_type=\"column\" data-e-type=\"column\">\n\t\t\t<div class=\"elementor-widget-wrap elementor-element-populated\">\n\t\t\t\t\t\t<div class=\"elementor-element elementor-element-ebf5ebb elementor-widget elementor-widget-text-editor\" data-id=\"ebf5ebb\" data-element_type=\"widget\" data-e-type=\"widget\" data-widget_type=\"text-editor.default\">\n\t\t\t\t<div class=\"elementor-widget-container\">\n\t\t\t\t\t\t\t\t\t<p>GRUPA \u201eREKONESANS\u201d<br>W 2020 roku Oddzia\u0142 PTTK \u0141\u00f3d\u017a-Polesie w \u015bcis\u0142ym zwi\u0105zku z dzia\u0142aniami Klubu Turyst\u00f3w Pieszych<br>\u201eSTONOGA\u201d postawi\u0142 podj\u0105\u0107 now\u0105 inicjatyw\u0119. Zauwa\u017cyli\u015bmy, \u017ce niekt\u00f3re tereny wojew\u00f3dztwa s\u0105<br>niedoceniane lub nawet zupe\u0142nie pomijane w programach wycieczek, pomimo znacz\u0105cego<br>potencja\u0142u. Utworzona zosta\u0142a Grupa robocza ds. rozpoznawania nowych tras wycieczek pieszych w woj. \u0142\u00f3dzkim&nbsp;\u201eREKONESANS\u201d. Jej celem jest zorganizowane rozpoznawanie, atrakcyjnych turystycznie<br>i krajoznawczo teren\u00f3w, raczej nieodleg\u0142ych od \u0141odzi, pod k\u0105tem wprowadzania nowych tras wycieczek PTTK. Takie wyprawy rozpoznawcze nazywamy rekonesansami. Grupa nie prowadzi<br>wycieczek (!). Opr\u00f3cz w\u0119drowania pozyskujemy r\u00f3\u017cne materia\u0142y na temat interesuj\u0105cych nas<br>teren\u00f3w (ksi\u0105\u017cki, publikacje, mapy itp.). Nawi\u0105zujemy kontakty i wsp\u00f3\u0142prac\u0119 w terenie. Odkrywamy lokalne sekrety. W sk\u0142ad grupy wchodzi kilka os\u00f3b \u2013 g\u0142\u00f3wnie przodownik\u00f3w turystyki pieszej. Zapraszamy do naszej grupy cz\u0142onk\u00f3w PTTK, w tym osoby zainteresowane zdobyciem uprawie\u0144 przodownickich turystyki pieszej, inne osoby kt\u00f3re s\u0105 w stanie wnie\u015b\u0107 merytoryczny wk\u0142ad w&nbsp;<span style=\"color: var( --e-global-color-text ); font-family: var( --e-global-typography-text-font-family ), Sans-serif; font-weight: var( --e-global-typography-text-font-weight ); font-size: 1em;\">realizowane rekonesanse np. poprzez fotografi\u0119 krajobrazow\u0105 i filmowanie, histori\u0119 poszczeg\u00f3lnych&nbsp;<\/span><span style=\"color: var( --e-global-color-text ); font-family: var( --e-global-typography-text-font-family ), Sans-serif; font-weight: var( --e-global-typography-text-font-weight ); font-size: 1em;\">teren\u00f3w wojew\u00f3dztwa, znajomo\u015b\u0107 przyrody.<\/span><\/p>\n<p>Grupa nie odbywa zebra\u0144 i nie posiada w\u0142adz. Uzgodnienia i decyzje s\u0105 podejmowane kolektywnie w drodze dyskusji przed i podczas umawianych rekonesans\u00f3w. Mo\u017cna pisa\u0107 do nas na FB w<br>komunikatorze Messenger.<\/p>\t\t\t\t\t\t\t\t<\/div>\n\t\t\t\t<\/div>\n\t\t\t\t\t<\/div>\n\t\t<\/div>\n\t\t\t\t\t<\/div>\n\t\t<\/section>\n\t\t\t\t<section class=\"elementor-section elementor-top-section elementor-element elementor-element-729898d elementor-section-boxed elementor-section-height-default elementor-section-height-default\" data-id=\"729898d\" data-element_type=\"section\" data-e-type=\"section\">\n\t\t\t\t\t\t<div class=\"elementor-container elementor-column-gap-default\">\n\t\t\t\t\t<div class=\"elementor-column elementor-col-100 elementor-top-column elementor-element elementor-element-ba1c375\" data-id=\"ba1c375\" data-element_type=\"column\" data-e-type=\"column\">\n\t\t\t<div class=\"elementor-widget-wrap elementor-element-populated\">\n\t\t\t\t\t\t<div class=\"elementor-element elementor-element-1c5273c elementor-widget-divider--view-line elementor-widget elementor-widget-divider\" data-id=\"1c5273c\" data-element_type=\"widget\" data-e-type=\"widget\" data-widget_type=\"divider.default\">\n\t\t\t\t<div class=\"elementor-widget-container\">\n\t\t\t\t\t\t\t<div class=\"elementor-divider\">\n\t\t\t<span class=\"elementor-divider-separator\">\n\t\t\t\t\t\t<\/span>\n\t\t<\/div>\n\t\t\t\t\t\t<\/div>\n\t\t\t\t<\/div>\n\t\t\t\t\t<\/div>\n\t\t<\/div>\n\t\t\t\t\t<\/div>\n\t\t<\/section>\n\t\t\t\t<section class=\"elementor-section elementor-top-section elementor-element elementor-element-a48ddfd elementor-section-boxed elementor-section-height-default elementor-section-height-default\" data-id=\"a48ddfd\" data-element_type=\"section\" data-e-type=\"section\">\n\t\t\t\t\t\t<div class=\"elementor-container elementor-column-gap-default\">\n\t\t\t\t\t<div class=\"elementor-column elementor-col-100 elementor-top-column elementor-element elementor-element-1f2d0da\" data-id=\"1f2d0da\" data-element_type=\"column\" data-e-type=\"column\">\n\t\t\t<div class=\"elementor-widget-wrap elementor-element-populated\">\n\t\t\t\t\t\t<div class=\"elementor-element elementor-element-0fd6be8 elementor-shape-circle elementor-grid-0 e-grid-align-center elementor-widget elementor-widget-social-icons\" data-id=\"0fd6be8\" data-element_type=\"widget\" data-e-type=\"widget\" data-widget_type=\"social-icons.default\">\n\t\t\t\t<div class=\"elementor-widget-container\">\n\t\t\t\t\t\t\t<div class=\"elementor-social-icons-wrapper elementor-grid\">\n\t\t\t\t\t\t\t<span class=\"elementor-grid-item\">\n\t\t\t\t\t<a class=\"elementor-icon elementor-social-icon elementor-social-icon-facebook elementor-repeater-item-fef3d33\" href=\"https:\/\/www.facebook.com\/PTTKgrupaREKONESANS\/photos\/a.102316728289311\/104814938039490\/\" target=\"_blank\">\n\t\t\t\t\t\t<span class=\"elementor-screen-only\">Facebook<\/span>\n\t\t\t\t\t\t<i aria-hidden=\"true\" class=\"fab fa-facebook\"><\/i>\t\t\t\t\t<\/a>\n\t\t\t\t<\/span>\n\t\t\t\t\t<\/div>\n\t\t\t\t\t\t<\/div>\n\t\t\t\t<\/div>\n\t\t\t\t\t<\/div>\n\t\t<\/div>\n\t\t\t\t\t<\/div>\n\t\t<\/section>\n\t\t\t\t<\/div>\n\t\t","protected":false},"excerpt":{"rendered":"<p>Grupa &#8222;Rekonesans&#8221; GRUPA \u201eREKONESANS\u201dW 2020 roku Oddzia\u0142 PTTK \u0141\u00f3d\u017a-Polesie w \u015bcis\u0142ym zwi\u0105zku z dzia\u0142aniami Klubu Turyst\u00f3w Pieszych\u201eSTONOGA\u201d postawi\u0142 podj\u0105\u0107 now\u0105 inicjatyw\u0119. Zauwa\u017cyli\u015bmy, \u017ce niekt\u00f3re tereny wojew\u00f3dztwa s\u0105niedoceniane lub nawet zupe\u0142nie pomijane w programach wycieczek, pomimo znacz\u0105cegopotencja\u0142u. Utworzona zosta\u0142a Grupa robocza <span class=\"excerpt-dots\">&hellip;<\/span> <a class=\"more-link\" href=\"https:\/\/lodz-polesie.pttk.pl\/?page_id=65\"><span class=\"more-msg\">Czytaj dalej &rarr;<\/span><\/a><\/p>\n","protected":false},"author":5,"featured_media":0,"parent":0,"menu_order":0,"comment_status":"closed","ping_status":"closed","template":"paget-blank.php","meta":{"footnotes":""},"class_list":["post-65","page","type-page","status-publish","hentry"],"_links":{"self":[{"href":"https:\/\/lodz-polesie.pttk.pl\/index.php?rest_route=\/wp\/v2\/pages\/65","targetHints":{"allow":["GET"]}}],"collection":[{"href":"https:\/\/lodz-polesie.pttk.pl\/index.php?rest_route=\/wp\/v2\/pages"}],"about":[{"href":"https:\/\/lodz-polesie.pttk.pl\/index.php?rest_route=\/wp\/v2\/types\/page"}],"author":[{"embeddable":true,"href":"https:\/\/lodz-polesie.pttk.pl\/index.php?rest_route=\/wp\/v2\/users\/5"}],"replies":[{"embeddable":true,"href":"https:\/\/lodz-polesie.pttk.pl\/index.php?rest_route=%2Fwp%2Fv2%2Fcomments&post=65"}],"version-history":[{"count":25,"href":"https:\/\/lodz-polesie.pttk.pl\/index.php?rest_route=\/wp\/v2\/pages\/65\/revisions"}],"predecessor-version":[{"id":816,"href":"https:\/\/lodz-polesie.pttk.pl\/index.php?rest_route=\/wp\/v2\/pages\/65\/revisions\/816"}],"wp:attachment":[{"href":"https:\/\/lodz-polesie.pttk.pl\/index.php?rest_route=%2Fwp%2Fv2%2Fmedia&parent=65"}],"curies":[{"name":"wp","href":"https:\/\/api.w.org\/{rel}","templated":true}]}}