{"id":3377,"date":"2022-11-18T16:38:18","date_gmt":"2022-11-18T15:38:18","guid":{"rendered":"https:\/\/lodz-polesie.pttk.pl\/?page_id=3377"},"modified":"2024-06-24T18:48:09","modified_gmt":"2024-06-24T16:48:09","slug":"komisja-fotografii-krajoznawczej","status":"publish","type":"page","link":"https:\/\/lodz-polesie.pttk.pl\/?page_id=3377","title":{"rendered":"Komisja Fotografii Krajoznawczej"},"content":{"rendered":"\t\t<div data-elementor-type=\"wp-page\" data-elementor-id=\"3377\" class=\"elementor elementor-3377\">\n\t\t\t\t\t\t<section class=\"elementor-section elementor-top-section elementor-element elementor-element-72efcce elementor-section-boxed elementor-section-height-default elementor-section-height-default\" data-id=\"72efcce\" data-element_type=\"section\" data-e-type=\"section\">\n\t\t\t\t\t\t<div class=\"elementor-container elementor-column-gap-default\">\n\t\t\t\t\t<div class=\"elementor-column elementor-col-100 elementor-top-column elementor-element elementor-element-ea8bf24\" data-id=\"ea8bf24\" data-element_type=\"column\" data-e-type=\"column\">\n\t\t\t<div class=\"elementor-widget-wrap elementor-element-populated\">\n\t\t\t\t\t\t<div class=\"elementor-element elementor-element-a778169 elementor-widget elementor-widget-heading\" data-id=\"a778169\" data-element_type=\"widget\" data-e-type=\"widget\" data-widget_type=\"heading.default\">\n\t\t\t\t<div class=\"elementor-widget-container\">\n\t\t\t\t\t<h2 class=\"elementor-heading-title elementor-size-default\">Regulamin Odznaki Fotografii Krajoznawczej<\/h2>\t\t\t\t<\/div>\n\t\t\t\t<\/div>\n\t\t\t\t\t<\/div>\n\t\t<\/div>\n\t\t\t\t\t<\/div>\n\t\t<\/section>\n\t\t\t\t<section class=\"elementor-section elementor-top-section elementor-element elementor-element-630754b elementor-section-boxed elementor-section-height-default elementor-section-height-default\" data-id=\"630754b\" data-element_type=\"section\" data-e-type=\"section\">\n\t\t\t\t\t\t<div class=\"elementor-container elementor-column-gap-default\">\n\t\t\t\t\t<div class=\"elementor-column elementor-col-33 elementor-top-column elementor-element elementor-element-1eaec04\" data-id=\"1eaec04\" data-element_type=\"column\" data-e-type=\"column\">\n\t\t\t<div class=\"elementor-widget-wrap elementor-element-populated\">\n\t\t\t\t\t\t<div class=\"elementor-element elementor-element-25c5ae0 elementor-widget elementor-widget-text-editor\" data-id=\"25c5ae0\" data-element_type=\"widget\" data-e-type=\"widget\" data-widget_type=\"text-editor.default\">\n\t\t\t\t<div class=\"elementor-widget-container\">\n\t\t\t\t\t\t\t\t\t<p><a href=\"https:\/\/lodz-polesie.pttk.pl\/wp-content\/uploads\/2024\/06\/Regulamin-OFK-NOWY.odt\">Regulamin OFK &#8211; NOWY<\/a><\/p>\t\t\t\t\t\t\t\t<\/div>\n\t\t\t\t<\/div>\n\t\t\t\t\t<\/div>\n\t\t<\/div>\n\t\t\t\t<div class=\"elementor-column elementor-col-33 elementor-top-column elementor-element elementor-element-3f3ce3f\" data-id=\"3f3ce3f\" data-element_type=\"column\" data-e-type=\"column\">\n\t\t\t<div class=\"elementor-widget-wrap elementor-element-populated\">\n\t\t\t\t\t\t<div class=\"elementor-element elementor-element-35ee625 elementor-widget elementor-widget-text-editor\" data-id=\"35ee625\" data-element_type=\"widget\" data-e-type=\"widget\" data-widget_type=\"text-editor.default\">\n\t\t\t\t<div class=\"elementor-widget-container\">\n\t\t\t\t\t\t\t\t\t<p><a href=\"https:\/\/lodz-polesie.pttk.pl\/wp-content\/uploads\/2024\/06\/Regulamin-OFK-NOWY.pdf\">Regulamin OFK &#8211; NOWY<\/a> pdf<\/p>\t\t\t\t\t\t\t\t<\/div>\n\t\t\t\t<\/div>\n\t\t\t\t\t<\/div>\n\t\t<\/div>\n\t\t\t\t<div class=\"elementor-column elementor-col-33 elementor-top-column elementor-element elementor-element-077f2b5\" data-id=\"077f2b5\" data-element_type=\"column\" data-e-type=\"column\">\n\t\t\t<div class=\"elementor-widget-wrap elementor-element-populated\">\n\t\t\t\t\t\t<div class=\"elementor-element elementor-element-eb1424a elementor-widget elementor-widget-text-editor\" data-id=\"eb1424a\" data-element_type=\"widget\" data-e-type=\"widget\" data-widget_type=\"text-editor.default\">\n\t\t\t\t<div class=\"elementor-widget-container\">\n\t\t\t\t\t\t\t\t\t<p><a href=\"https:\/\/lodz-polesie.pttk.pl\/wp-content\/uploads\/2024\/06\/Regulamin-OFK-Tabela-NOWY.odt\">Regulamin OFK &#8211; Tabela &#8211; NOWY<\/a><\/p>\t\t\t\t\t\t\t\t<\/div>\n\t\t\t\t<\/div>\n\t\t\t\t\t<\/div>\n\t\t<\/div>\n\t\t\t\t\t<\/div>\n\t\t<\/section>\n\t\t\t\t<section class=\"elementor-section elementor-top-section elementor-element elementor-element-65fa4f2 elementor-section-boxed elementor-section-height-default elementor-section-height-default\" data-id=\"65fa4f2\" data-element_type=\"section\" data-e-type=\"section\">\n\t\t\t\t\t\t<div class=\"elementor-container elementor-column-gap-default\">\n\t\t\t\t\t<div class=\"elementor-column elementor-col-100 elementor-top-column elementor-element elementor-element-a316318\" data-id=\"a316318\" data-element_type=\"column\" data-e-type=\"column\">\n\t\t\t<div class=\"elementor-widget-wrap elementor-element-populated\">\n\t\t\t\t\t\t<div class=\"elementor-element elementor-element-e8fe71a elementor-widget elementor-widget-image-gallery\" data-id=\"e8fe71a\" data-element_type=\"widget\" data-e-type=\"widget\" data-widget_type=\"image-gallery.default\">\n\t\t\t\t<div class=\"elementor-widget-container\">\n\t\t\t\t\t\t\t<div class=\"elementor-image-gallery\">\n\t\t\t\n\t\t<style type=\"text\/css\">\n\t\t\t#gallery-1 {\n\t\t\t\tmargin: auto;\n\t\t\t}\n\t\t\t#gallery-1 .gallery-item {\n\t\t\t\tfloat: left;\n\t\t\t\tmargin-top: 10px;\n\t\t\t\ttext-align: center;\n\t\t\t\twidth: 25%;\n\t\t\t}\n\t\t\t#gallery-1 img {\n\t\t\t\tborder: 2px solid #cfcfcf;\n\t\t\t}\n\t\t\t#gallery-1 .gallery-caption {\n\t\t\t\tmargin-left: 0;\n\t\t\t}\n\t\t\t\/* see gallery_shortcode() in wp-includes\/media.php *\/\n\t\t<\/style>\n\t\t<div id='gallery-1' class='gallery galleryid-3377 gallery-columns-4 gallery-size-medium'><dl class='gallery-item'>\n\t\t\t<dt class='gallery-icon landscape'>\n\t\t\t\t<a data-elementor-open-lightbox=\"yes\" data-elementor-lightbox-slideshow=\"e8fe71a\" data-elementor-lightbox-title=\"Roztocze 1\" data-e-action-hash=\"#elementor-action%3Aaction%3Dlightbox%26settings%3DeyJpZCI6ODY2NSwidXJsIjoiaHR0cHM6XC9cL2xvZHotcG9sZXNpZS5wdHRrLnBsXC93cC1jb250ZW50XC91cGxvYWRzXC8yMDI0XC8wNlwvUm96dG9jemUtMS5qcGciLCJzbGlkZXNob3ciOiJlOGZlNzFhIn0%3D\" href='https:\/\/lodz-polesie.pttk.pl\/wp-content\/uploads\/2024\/06\/Roztocze-1.jpg'><img fetchpriority=\"high\" decoding=\"async\" width=\"300\" height=\"225\" src=\"https:\/\/lodz-polesie.pttk.pl\/wp-content\/uploads\/2024\/06\/Roztocze-1-300x225.jpg\" class=\"attachment-medium size-medium\" alt=\"\" aria-describedby=\"gallery-1-8665\" srcset=\"https:\/\/lodz-polesie.pttk.pl\/wp-content\/uploads\/2024\/06\/Roztocze-1-300x225.jpg 300w, https:\/\/lodz-polesie.pttk.pl\/wp-content\/uploads\/2024\/06\/Roztocze-1-1024x768.jpg 1024w, https:\/\/lodz-polesie.pttk.pl\/wp-content\/uploads\/2024\/06\/Roztocze-1-768x576.jpg 768w, https:\/\/lodz-polesie.pttk.pl\/wp-content\/uploads\/2024\/06\/Roztocze-1-1536x1152.jpg 1536w, https:\/\/lodz-polesie.pttk.pl\/wp-content\/uploads\/2024\/06\/Roztocze-1.jpg 1733w\" sizes=\"(max-width: 300px) 100vw, 300px\" \/><\/a>\n\t\t\t<\/dt>\n\t\t\t\t<dd class='wp-caption-text gallery-caption' id='gallery-1-8665'>\n\t\t\t\tRoztocze 1\n\t\t\t\t<\/dd><\/dl><dl class='gallery-item'>\n\t\t\t<dt class='gallery-icon landscape'>\n\t\t\t\t<a data-elementor-open-lightbox=\"yes\" data-elementor-lightbox-slideshow=\"e8fe71a\" data-elementor-lightbox-title=\"Roztocze 2\" data-e-action-hash=\"#elementor-action%3Aaction%3Dlightbox%26settings%3DeyJpZCI6ODY2NywidXJsIjoiaHR0cHM6XC9cL2xvZHotcG9sZXNpZS5wdHRrLnBsXC93cC1jb250ZW50XC91cGxvYWRzXC8yMDI0XC8wNlwvUm96dG9jemUtMi5qcGciLCJzbGlkZXNob3ciOiJlOGZlNzFhIn0%3D\" href='https:\/\/lodz-polesie.pttk.pl\/wp-content\/uploads\/2024\/06\/Roztocze-2.jpg'><img decoding=\"async\" width=\"300\" height=\"225\" src=\"https:\/\/lodz-polesie.pttk.pl\/wp-content\/uploads\/2024\/06\/Roztocze-2-300x225.jpg\" class=\"attachment-medium size-medium\" alt=\"\" aria-describedby=\"gallery-1-8667\" srcset=\"https:\/\/lodz-polesie.pttk.pl\/wp-content\/uploads\/2024\/06\/Roztocze-2-300x225.jpg 300w, https:\/\/lodz-polesie.pttk.pl\/wp-content\/uploads\/2024\/06\/Roztocze-2-1024x768.jpg 1024w, https:\/\/lodz-polesie.pttk.pl\/wp-content\/uploads\/2024\/06\/Roztocze-2-768x576.jpg 768w, https:\/\/lodz-polesie.pttk.pl\/wp-content\/uploads\/2024\/06\/Roztocze-2-1536x1152.jpg 1536w, https:\/\/lodz-polesie.pttk.pl\/wp-content\/uploads\/2024\/06\/Roztocze-2.jpg 1733w\" sizes=\"(max-width: 300px) 100vw, 300px\" \/><\/a>\n\t\t\t<\/dt>\n\t\t\t\t<dd class='wp-caption-text gallery-caption' id='gallery-1-8667'>\n\t\t\t\tRoztocze 2\n\t\t\t\t<\/dd><\/dl><dl class='gallery-item'>\n\t\t\t<dt class='gallery-icon landscape'>\n\t\t\t\t<a data-elementor-open-lightbox=\"yes\" data-elementor-lightbox-slideshow=\"e8fe71a\" data-elementor-lightbox-title=\"Tatry\" data-e-action-hash=\"#elementor-action%3Aaction%3Dlightbox%26settings%3DeyJpZCI6ODY2OSwidXJsIjoiaHR0cHM6XC9cL2xvZHotcG9sZXNpZS5wdHRrLnBsXC93cC1jb250ZW50XC91cGxvYWRzXC8yMDI0XC8wNlwvVGF0cnktLmpwZyIsInNsaWRlc2hvdyI6ImU4ZmU3MWEifQ%3D%3D\" href='https:\/\/lodz-polesie.pttk.pl\/wp-content\/uploads\/2024\/06\/Tatry-.jpg'><img decoding=\"async\" width=\"300\" height=\"225\" src=\"https:\/\/lodz-polesie.pttk.pl\/wp-content\/uploads\/2024\/06\/Tatry--300x225.jpg\" class=\"attachment-medium size-medium\" alt=\"\" aria-describedby=\"gallery-1-8669\" srcset=\"https:\/\/lodz-polesie.pttk.pl\/wp-content\/uploads\/2024\/06\/Tatry--300x225.jpg 300w, https:\/\/lodz-polesie.pttk.pl\/wp-content\/uploads\/2024\/06\/Tatry--1024x768.jpg 1024w, https:\/\/lodz-polesie.pttk.pl\/wp-content\/uploads\/2024\/06\/Tatry--768x576.jpg 768w, https:\/\/lodz-polesie.pttk.pl\/wp-content\/uploads\/2024\/06\/Tatry--1536x1152.jpg 1536w, https:\/\/lodz-polesie.pttk.pl\/wp-content\/uploads\/2024\/06\/Tatry-.jpg 1733w\" sizes=\"(max-width: 300px) 100vw, 300px\" \/><\/a>\n\t\t\t<\/dt>\n\t\t\t\t<dd class='wp-caption-text gallery-caption' id='gallery-1-8669'>\n\t\t\t\tDolina 5 Staw\u00f3w\n\t\t\t\t<\/dd><\/dl><dl class='gallery-item'>\n\t\t\t<dt class='gallery-icon landscape'>\n\t\t\t\t<a data-elementor-open-lightbox=\"yes\" data-elementor-lightbox-slideshow=\"e8fe71a\" data-elementor-lightbox-title=\"Toskania 1\" data-e-action-hash=\"#elementor-action%3Aaction%3Dlightbox%26settings%3DeyJpZCI6ODY3MSwidXJsIjoiaHR0cHM6XC9cL2xvZHotcG9sZXNpZS5wdHRrLnBsXC93cC1jb250ZW50XC91cGxvYWRzXC8yMDI0XC8wNlwvVG9za2FuaWEtMS5qcGciLCJzbGlkZXNob3ciOiJlOGZlNzFhIn0%3D\" href='https:\/\/lodz-polesie.pttk.pl\/wp-content\/uploads\/2024\/06\/Toskania-1.jpg'><img loading=\"lazy\" decoding=\"async\" width=\"300\" height=\"200\" src=\"https:\/\/lodz-polesie.pttk.pl\/wp-content\/uploads\/2024\/06\/Toskania-1-300x200.jpg\" class=\"attachment-medium size-medium\" alt=\"\" aria-describedby=\"gallery-1-8671\" srcset=\"https:\/\/lodz-polesie.pttk.pl\/wp-content\/uploads\/2024\/06\/Toskania-1-300x200.jpg 300w, https:\/\/lodz-polesie.pttk.pl\/wp-content\/uploads\/2024\/06\/Toskania-1-1024x682.jpg 1024w, https:\/\/lodz-polesie.pttk.pl\/wp-content\/uploads\/2024\/06\/Toskania-1-768x512.jpg 768w, https:\/\/lodz-polesie.pttk.pl\/wp-content\/uploads\/2024\/06\/Toskania-1-1536x1024.jpg 1536w, https:\/\/lodz-polesie.pttk.pl\/wp-content\/uploads\/2024\/06\/Toskania-1.jpg 1733w\" sizes=\"(max-width: 300px) 100vw, 300px\" \/><\/a>\n\t\t\t<\/dt>\n\t\t\t\t<dd class='wp-caption-text gallery-caption' id='gallery-1-8671'>\n\t\t\t\tToskania 1\n\t\t\t\t<\/dd><\/dl><br style=\"clear: both\" \/><dl class='gallery-item'>\n\t\t\t<dt class='gallery-icon landscape'>\n\t\t\t\t<a data-elementor-open-lightbox=\"yes\" data-elementor-lightbox-slideshow=\"e8fe71a\" data-elementor-lightbox-title=\"Toskania 2\" data-e-action-hash=\"#elementor-action%3Aaction%3Dlightbox%26settings%3DeyJpZCI6ODY3NSwidXJsIjoiaHR0cHM6XC9cL2xvZHotcG9sZXNpZS5wdHRrLnBsXC93cC1jb250ZW50XC91cGxvYWRzXC8yMDI0XC8wNlwvVG9za2FuaWEtMi5qcGciLCJzbGlkZXNob3ciOiJlOGZlNzFhIn0%3D\" href='https:\/\/lodz-polesie.pttk.pl\/wp-content\/uploads\/2024\/06\/Toskania-2.jpg'><img loading=\"lazy\" decoding=\"async\" width=\"300\" height=\"200\" src=\"https:\/\/lodz-polesie.pttk.pl\/wp-content\/uploads\/2024\/06\/Toskania-2-300x200.jpg\" class=\"attachment-medium size-medium\" alt=\"\" aria-describedby=\"gallery-1-8675\" srcset=\"https:\/\/lodz-polesie.pttk.pl\/wp-content\/uploads\/2024\/06\/Toskania-2-300x200.jpg 300w, https:\/\/lodz-polesie.pttk.pl\/wp-content\/uploads\/2024\/06\/Toskania-2-1024x682.jpg 1024w, https:\/\/lodz-polesie.pttk.pl\/wp-content\/uploads\/2024\/06\/Toskania-2-768x512.jpg 768w, https:\/\/lodz-polesie.pttk.pl\/wp-content\/uploads\/2024\/06\/Toskania-2-1536x1024.jpg 1536w, https:\/\/lodz-polesie.pttk.pl\/wp-content\/uploads\/2024\/06\/Toskania-2.jpg 1733w\" sizes=\"(max-width: 300px) 100vw, 300px\" \/><\/a>\n\t\t\t<\/dt>\n\t\t\t\t<dd class='wp-caption-text gallery-caption' id='gallery-1-8675'>\n\t\t\t\tToskania 2\n\t\t\t\t<\/dd><\/dl><dl class='gallery-item'>\n\t\t\t<dt class='gallery-icon landscape'>\n\t\t\t\t<a data-elementor-open-lightbox=\"yes\" data-elementor-lightbox-slideshow=\"e8fe71a\" data-elementor-lightbox-title=\"Toskania 3\" data-e-action-hash=\"#elementor-action%3Aaction%3Dlightbox%26settings%3DeyJpZCI6ODY3NywidXJsIjoiaHR0cHM6XC9cL2xvZHotcG9sZXNpZS5wdHRrLnBsXC93cC1jb250ZW50XC91cGxvYWRzXC8yMDI0XC8wNlwvVG9za2FuaWEtMy5qcGciLCJzbGlkZXNob3ciOiJlOGZlNzFhIn0%3D\" href='https:\/\/lodz-polesie.pttk.pl\/wp-content\/uploads\/2024\/06\/Toskania-3.jpg'><img loading=\"lazy\" decoding=\"async\" width=\"300\" height=\"200\" src=\"https:\/\/lodz-polesie.pttk.pl\/wp-content\/uploads\/2024\/06\/Toskania-3-300x200.jpg\" class=\"attachment-medium size-medium\" alt=\"\" aria-describedby=\"gallery-1-8677\" srcset=\"https:\/\/lodz-polesie.pttk.pl\/wp-content\/uploads\/2024\/06\/Toskania-3-300x200.jpg 300w, https:\/\/lodz-polesie.pttk.pl\/wp-content\/uploads\/2024\/06\/Toskania-3-1024x682.jpg 1024w, https:\/\/lodz-polesie.pttk.pl\/wp-content\/uploads\/2024\/06\/Toskania-3-768x512.jpg 768w, https:\/\/lodz-polesie.pttk.pl\/wp-content\/uploads\/2024\/06\/Toskania-3-1536x1024.jpg 1536w, https:\/\/lodz-polesie.pttk.pl\/wp-content\/uploads\/2024\/06\/Toskania-3.jpg 1733w\" sizes=\"(max-width: 300px) 100vw, 300px\" \/><\/a>\n\t\t\t<\/dt>\n\t\t\t\t<dd class='wp-caption-text gallery-caption' id='gallery-1-8677'>\n\t\t\t\tToskania 3\n\t\t\t\t<\/dd><\/dl><dl class='gallery-item'>\n\t\t\t<dt class='gallery-icon landscape'>\n\t\t\t\t<a data-elementor-open-lightbox=\"yes\" data-elementor-lightbox-slideshow=\"e8fe71a\" data-elementor-lightbox-title=\"Ujso\u0142y 1\" data-e-action-hash=\"#elementor-action%3Aaction%3Dlightbox%26settings%3DeyJpZCI6ODY3OSwidXJsIjoiaHR0cHM6XC9cL2xvZHotcG9sZXNpZS5wdHRrLnBsXC93cC1jb250ZW50XC91cGxvYWRzXC8yMDI0XC8wNlwvVWpzb2x5LTEuanBnIiwic2xpZGVzaG93IjoiZThmZTcxYSJ9\" href='https:\/\/lodz-polesie.pttk.pl\/wp-content\/uploads\/2024\/06\/Ujsoly-1.jpg'><img loading=\"lazy\" decoding=\"async\" width=\"300\" height=\"200\" src=\"https:\/\/lodz-polesie.pttk.pl\/wp-content\/uploads\/2024\/06\/Ujsoly-1-300x200.jpg\" class=\"attachment-medium size-medium\" alt=\"\" aria-describedby=\"gallery-1-8679\" srcset=\"https:\/\/lodz-polesie.pttk.pl\/wp-content\/uploads\/2024\/06\/Ujsoly-1-300x200.jpg 300w, https:\/\/lodz-polesie.pttk.pl\/wp-content\/uploads\/2024\/06\/Ujsoly-1-1024x682.jpg 1024w, https:\/\/lodz-polesie.pttk.pl\/wp-content\/uploads\/2024\/06\/Ujsoly-1-768x512.jpg 768w, https:\/\/lodz-polesie.pttk.pl\/wp-content\/uploads\/2024\/06\/Ujsoly-1-1536x1024.jpg 1536w, https:\/\/lodz-polesie.pttk.pl\/wp-content\/uploads\/2024\/06\/Ujsoly-1.jpg 1733w\" sizes=\"(max-width: 300px) 100vw, 300px\" \/><\/a>\n\t\t\t<\/dt>\n\t\t\t\t<dd class='wp-caption-text gallery-caption' id='gallery-1-8679'>\n\t\t\t\tGdzie\u015b w Beskidach 1\n\t\t\t\t<\/dd><\/dl><dl class='gallery-item'>\n\t\t\t<dt class='gallery-icon landscape'>\n\t\t\t\t<a data-elementor-open-lightbox=\"yes\" data-elementor-lightbox-slideshow=\"e8fe71a\" data-elementor-lightbox-title=\"Ujso\u0142y 2\" data-e-action-hash=\"#elementor-action%3Aaction%3Dlightbox%26settings%3DeyJpZCI6ODY4MSwidXJsIjoiaHR0cHM6XC9cL2xvZHotcG9sZXNpZS5wdHRrLnBsXC93cC1jb250ZW50XC91cGxvYWRzXC8yMDI0XC8wNlwvVWpzb2x5LTIuanBnIiwic2xpZGVzaG93IjoiZThmZTcxYSJ9\" href='https:\/\/lodz-polesie.pttk.pl\/wp-content\/uploads\/2024\/06\/Ujsoly-2.jpg'><img loading=\"lazy\" decoding=\"async\" width=\"300\" height=\"200\" src=\"https:\/\/lodz-polesie.pttk.pl\/wp-content\/uploads\/2024\/06\/Ujsoly-2-300x200.jpg\" class=\"attachment-medium size-medium\" alt=\"\" aria-describedby=\"gallery-1-8681\" srcset=\"https:\/\/lodz-polesie.pttk.pl\/wp-content\/uploads\/2024\/06\/Ujsoly-2-300x200.jpg 300w, https:\/\/lodz-polesie.pttk.pl\/wp-content\/uploads\/2024\/06\/Ujsoly-2-1024x682.jpg 1024w, https:\/\/lodz-polesie.pttk.pl\/wp-content\/uploads\/2024\/06\/Ujsoly-2-768x512.jpg 768w, https:\/\/lodz-polesie.pttk.pl\/wp-content\/uploads\/2024\/06\/Ujsoly-2-1536x1024.jpg 1536w, https:\/\/lodz-polesie.pttk.pl\/wp-content\/uploads\/2024\/06\/Ujsoly-2.jpg 1733w\" sizes=\"(max-width: 300px) 100vw, 300px\" \/><\/a>\n\t\t\t<\/dt>\n\t\t\t\t<dd class='wp-caption-text gallery-caption' id='gallery-1-8681'>\n\t\t\t\tGdzie\u015b w Beskidach 2\n\t\t\t\t<\/dd><\/dl><br style=\"clear: both\" \/>\n\t\t<\/div>\n\t\t<\/div>\n\t\t\t\t\t\t<\/div>\n\t\t\t\t<\/div>\n\t\t\t\t\t<\/div>\n\t\t<\/div>\n\t\t\t\t\t<\/div>\n\t\t<\/section>\n\t\t\t\t<\/div>\n\t\t","protected":false},"excerpt":{"rendered":"<p>Regulamin Odznaki Fotografii Krajoznawczej Regulamin OFK &#8211; NOWY Regulamin OFK &#8211; NOWY pdf Regulamin OFK &#8211; Tabela &#8211; NOWY Roztocze 1 Roztocze 2 Dolina 5 Staw\u00f3w Toskania 1 Toskania 2 Toskania 3 Gdzie\u015b w Beskidach 1 Gdzie\u015b w Beskidach 2<\/p>\n <a class=\"more-link\" href=\"https:\/\/lodz-polesie.pttk.pl\/?page_id=3377\"><span class=\"more-msg\">Czytaj dalej &rarr;<\/span><\/a>","protected":false},"author":3,"featured_media":0,"parent":0,"menu_order":0,"comment_status":"closed","ping_status":"closed","template":"","meta":{"footnotes":""},"class_list":["post-3377","page","type-page","status-publish","hentry"],"_links":{"self":[{"href":"https:\/\/lodz-polesie.pttk.pl\/index.php?rest_route=\/wp\/v2\/pages\/3377","targetHints":{"allow":["GET"]}}],"collection":[{"href":"https:\/\/lodz-polesie.pttk.pl\/index.php?rest_route=\/wp\/v2\/pages"}],"about":[{"href":"https:\/\/lodz-polesie.pttk.pl\/index.php?rest_route=\/wp\/v2\/types\/page"}],"author":[{"embeddable":true,"href":"https:\/\/lodz-polesie.pttk.pl\/index.php?rest_route=\/wp\/v2\/users\/3"}],"replies":[{"embeddable":true,"href":"https:\/\/lodz-polesie.pttk.pl\/index.php?rest_route=%2Fwp%2Fv2%2Fcomments&post=3377"}],"version-history":[{"count":28,"href":"https:\/\/lodz-polesie.pttk.pl\/index.php?rest_route=\/wp\/v2\/pages\/3377\/revisions"}],"predecessor-version":[{"id":8687,"href":"https:\/\/lodz-polesie.pttk.pl\/index.php?rest_route=\/wp\/v2\/pages\/3377\/revisions\/8687"}],"wp:attachment":[{"href":"https:\/\/lodz-polesie.pttk.pl\/index.php?rest_route=%2Fwp%2Fv2%2Fmedia&parent=3377"}],"curies":[{"name":"wp","href":"https:\/\/api.w.org\/{rel}","templated":true}]}}