{"id":2928,"date":"2022-08-16T15:46:05","date_gmt":"2022-08-16T13:46:05","guid":{"rendered":"https:\/\/lodz-polesie.pttk.pl\/?page_id=2928"},"modified":"2022-08-16T20:26:12","modified_gmt":"2022-08-16T18:26:12","slug":"skpb-w-lodzi","status":"publish","type":"page","link":"https:\/\/lodz-polesie.pttk.pl\/?page_id=2928","title":{"rendered":"SKPB w \u0141odzi"},"content":{"rendered":"\t\t<div data-elementor-type=\"wp-page\" data-elementor-id=\"2928\" class=\"elementor elementor-2928\">\n\t\t\t\t\t\t<section class=\"elementor-section elementor-top-section elementor-element elementor-element-3a32d901 elementor-section-boxed elementor-section-height-default elementor-section-height-default\" data-id=\"3a32d901\" data-element_type=\"section\" data-e-type=\"section\">\n\t\t\t\t\t\t<div class=\"elementor-container elementor-column-gap-default\">\n\t\t\t\t\t<div class=\"elementor-column elementor-col-100 elementor-top-column elementor-element elementor-element-4246a301\" data-id=\"4246a301\" data-element_type=\"column\" data-e-type=\"column\">\n\t\t\t<div class=\"elementor-widget-wrap elementor-element-populated\">\n\t\t\t\t\t\t<div class=\"elementor-element elementor-element-2f62ab00 elementor-widget elementor-widget-text-editor\" data-id=\"2f62ab00\" data-element_type=\"widget\" data-e-type=\"widget\" data-widget_type=\"text-editor.default\">\n\t\t\t\t<div class=\"elementor-widget-container\">\n\t\t\t\t\t\t\t\t\t<p><\/p>\n<h2 class=\"wp-block-heading\">Wchodz\u0105ce w sk\u0142ad naszego oddzia\u0142u Studenckie Ko\u0142o Przewodnik\u00f3w Beskidzkich ,wielce zas\u0142u\u017cone dla turystyki oraz kultury prowadzi w\u0142asn\u0105 stron\u0119 internetow\u0105 &lt;www.skpb.lodz.pl &gt;<\/h2>\n<p><\/p>\t\t\t\t\t\t\t\t<\/div>\n\t\t\t\t<\/div>\n\t\t\t\t\t<\/div>\n\t\t<\/div>\n\t\t\t\t\t<\/div>\n\t\t<\/section>\n\t\t\t\t<section class=\"elementor-section elementor-top-section elementor-element elementor-element-03aca78 elementor-section-boxed elementor-section-height-default elementor-section-height-default\" data-id=\"03aca78\" data-element_type=\"section\" data-e-type=\"section\">\n\t\t\t\t\t\t<div class=\"elementor-container elementor-column-gap-default\">\n\t\t\t\t\t<div class=\"elementor-column elementor-col-100 elementor-top-column elementor-element elementor-element-a0b5bbb\" data-id=\"a0b5bbb\" data-element_type=\"column\" data-e-type=\"column\">\n\t\t\t<div class=\"elementor-widget-wrap elementor-element-populated\">\n\t\t\t\t\t\t<div class=\"elementor-element elementor-element-3a14613 elementor-widget elementor-widget-image\" data-id=\"3a14613\" data-element_type=\"widget\" data-e-type=\"widget\" data-widget_type=\"image.default\">\n\t\t\t\t<div class=\"elementor-widget-container\">\n\t\t\t\t\t\t\t\t\t\t\t\t\t\t\t<img decoding=\"async\" src=\"https:\/\/lodz-polesie.pttk.pl\/wp-content\/uploads\/2022\/08\/2022-Pieniny-522-scaled.jpg\" title=\"\" alt=\"\" loading=\"lazy\" \/>\t\t\t\t\t\t\t\t\t\t\t\t\t\t\t<\/div>\n\t\t\t\t<\/div>\n\t\t\t\t\t<\/div>\n\t\t<\/div>\n\t\t\t\t\t<\/div>\n\t\t<\/section>\n\t\t\t\t<\/div>\n\t\t","protected":false},"excerpt":{"rendered":"<p>Wchodz\u0105ce w sk\u0142ad naszego oddzia\u0142u Studenckie Ko\u0142o Przewodnik\u00f3w Beskidzkich ,wielce zas\u0142u\u017cone dla turystyki oraz kultury prowadzi w\u0142asn\u0105 stron\u0119 internetow\u0105 &lt;www.skpb.lodz.pl &gt;<\/p>\n <a class=\"more-link\" href=\"https:\/\/lodz-polesie.pttk.pl\/?page_id=2928\"><span class=\"more-msg\">Czytaj dalej &rarr;<\/span><\/a>","protected":false},"author":3,"featured_media":0,"parent":0,"menu_order":0,"comment_status":"closed","ping_status":"closed","template":"","meta":{"footnotes":""},"class_list":["post-2928","page","type-page","status-publish","hentry"],"_links":{"self":[{"href":"https:\/\/lodz-polesie.pttk.pl\/index.php?rest_route=\/wp\/v2\/pages\/2928","targetHints":{"allow":["GET"]}}],"collection":[{"href":"https:\/\/lodz-polesie.pttk.pl\/index.php?rest_route=\/wp\/v2\/pages"}],"about":[{"href":"https:\/\/lodz-polesie.pttk.pl\/index.php?rest_route=\/wp\/v2\/types\/page"}],"author":[{"embeddable":true,"href":"https:\/\/lodz-polesie.pttk.pl\/index.php?rest_route=\/wp\/v2\/users\/3"}],"replies":[{"embeddable":true,"href":"https:\/\/lodz-polesie.pttk.pl\/index.php?rest_route=%2Fwp%2Fv2%2Fcomments&post=2928"}],"version-history":[{"count":10,"href":"https:\/\/lodz-polesie.pttk.pl\/index.php?rest_route=\/wp\/v2\/pages\/2928\/revisions"}],"predecessor-version":[{"id":2940,"href":"https:\/\/lodz-polesie.pttk.pl\/index.php?rest_route=\/wp\/v2\/pages\/2928\/revisions\/2940"}],"wp:attachment":[{"href":"https:\/\/lodz-polesie.pttk.pl\/index.php?rest_route=%2Fwp%2Fv2%2Fmedia&parent=2928"}],"curies":[{"name":"wp","href":"https:\/\/api.w.org\/{rel}","templated":true}]}}